{"id":3274,"date":"2023-06-28T16:58:07","date_gmt":"2023-06-28T16:58:07","guid":{"rendered":"https:\/\/www.lareservabsc.com\/?page_id=3274"},"modified":"2023-06-28T19:24:15","modified_gmt":"2023-06-28T19:24:15","slug":"blog","status":"publish","type":"page","link":"https:\/\/lareservabsc.com\/en\/blog\/","title":{"rendered":"Blog"},"content":{"rendered":"<div data-elementor-type=\"wp-page\" data-elementor-id=\"3274\" class=\"elementor elementor-3274\" data-elementor-post-type=\"page\">\n\t\t\t\t<div class=\"elementor-element elementor-element-91ce639 e-con-full e-flex e-con e-parent\" data-id=\"91ce639\" data-element_type=\"container\" data-core-v316-plus=\"true\">\n\t\t<div class=\"elementor-element elementor-element-c1e1a85 e-con-full e-flex e-con e-parent\" data-id=\"c1e1a85\" data-element_type=\"container\" data-core-v316-plus=\"true\">\n\t\t\t\t<div class=\"elementor-element elementor-element-0b941cb elementor-widget elementor-widget-heading\" data-id=\"0b941cb\" data-element_type=\"widget\" data-widget_type=\"heading.default\">\n\t\t\t\t<div class=\"elementor-widget-container\">\n\t\t\t<style>\/*! elementor - v3.20.0 - 26-03-2024 *\/\n.elementor-heading-title{padding:0;margin:0;line-height:1}.elementor-widget-heading .elementor-heading-title[class*=elementor-size-]>a{color:inherit;font-size:inherit;line-height:inherit}.elementor-widget-heading .elementor-heading-title.elementor-size-small{font-size:15px}.elementor-widget-heading .elementor-heading-title.elementor-size-medium{font-size:19px}.elementor-widget-heading .elementor-heading-title.elementor-size-large{font-size:29px}.elementor-widget-heading .elementor-heading-title.elementor-size-xl{font-size:39px}.elementor-widget-heading .elementor-heading-title.elementor-size-xxl{font-size:59px}<\/style><h1 class=\"elementor-heading-title elementor-size-default\">BLOG<\/h1>\t\t<\/div>\n\t\t\t\t<\/div>\n\t\t\t\t<\/div>\n\t\t\t\t<\/div>\n\t\t<div class=\"elementor-element elementor-element-2cd6774 e-con-full e-flex e-con e-parent\" data-id=\"2cd6774\" data-element_type=\"container\" data-core-v316-plus=\"true\">\n\t\t<div class=\"elementor-element elementor-element-253eada e-con-full e-flex e-con e-parent\" data-id=\"253eada\" data-element_type=\"container\" data-settings=\"{&quot;background_background&quot;:&quot;classic&quot;}\" data-core-v316-plus=\"true\">\n\t\t\t\t<div class=\"elementor-element elementor-element-4c199df elementor-grid-3 elementor-grid-tablet-2 elementor-grid-mobile-1 elementor-posts--thumbnail-top elementor-widget elementor-widget-posts\" data-id=\"4c199df\" data-element_type=\"widget\" data-settings=\"{&quot;classic_masonry&quot;:&quot;yes&quot;,&quot;classic_columns&quot;:&quot;3&quot;,&quot;classic_columns_tablet&quot;:&quot;2&quot;,&quot;classic_columns_mobile&quot;:&quot;1&quot;,&quot;classic_row_gap&quot;:{&quot;unit&quot;:&quot;px&quot;,&quot;size&quot;:35,&quot;sizes&quot;:[]},&quot;classic_row_gap_tablet&quot;:{&quot;unit&quot;:&quot;px&quot;,&quot;size&quot;:&quot;&quot;,&quot;sizes&quot;:[]},&quot;classic_row_gap_mobile&quot;:{&quot;unit&quot;:&quot;px&quot;,&quot;size&quot;:&quot;&quot;,&quot;sizes&quot;:[]}}\" data-widget_type=\"posts.classic\">\n\t\t\t\t<div class=\"elementor-widget-container\">\n\t\t\t<link rel=\"stylesheet\" href=\"https:\/\/lareservabsc.com\/wp-content\/plugins\/elementor-pro\/assets\/css\/widget-posts.min.css\">\t\t<div class=\"elementor-posts-container elementor-posts elementor-posts--skin-classic elementor-grid\">\n\t\t\t\t<article class=\"elementor-post elementor-grid-item post-3399 post type-post status-publish format-standard has-post-thumbnail hentry category-blog\">\n\t\t\t\t<a class=\"elementor-post__thumbnail__link\" href=\"https:\/\/lareservabsc.com\/en\/blog\/what-is-the-story-behind-minigolf-and-its-popularity-nowadays\/\" tabindex=\"-1\" >\n\t\t\t<div class=\"elementor-post__thumbnail\"><img fetchpriority=\"high\" decoding=\"async\" width=\"2560\" height=\"1708\" src=\"https:\/\/lareservabsc.com\/wp-content\/uploads\/2023\/10\/mini-golf-yellow-ball-with-a-bat-near-the-hole-at-2021-08-26-23-00-47-utc_11zon-scaled.jpg\" class=\"attachment-full size-full wp-image-3401\" alt=\"\" srcset=\"https:\/\/lareservabsc.com\/wp-content\/uploads\/2023\/10\/mini-golf-yellow-ball-with-a-bat-near-the-hole-at-2021-08-26-23-00-47-utc_11zon-scaled.jpg 2560w, https:\/\/lareservabsc.com\/wp-content\/uploads\/2023\/10\/mini-golf-yellow-ball-with-a-bat-near-the-hole-at-2021-08-26-23-00-47-utc_11zon-300x200.jpg 300w, https:\/\/lareservabsc.com\/wp-content\/uploads\/2023\/10\/mini-golf-yellow-ball-with-a-bat-near-the-hole-at-2021-08-26-23-00-47-utc_11zon-1024x683.jpg 1024w, https:\/\/lareservabsc.com\/wp-content\/uploads\/2023\/10\/mini-golf-yellow-ball-with-a-bat-near-the-hole-at-2021-08-26-23-00-47-utc_11zon-768x512.jpg 768w, https:\/\/lareservabsc.com\/wp-content\/uploads\/2023\/10\/mini-golf-yellow-ball-with-a-bat-near-the-hole-at-2021-08-26-23-00-47-utc_11zon-1536x1025.jpg 1536w, https:\/\/lareservabsc.com\/wp-content\/uploads\/2023\/10\/mini-golf-yellow-ball-with-a-bat-near-the-hole-at-2021-08-26-23-00-47-utc_11zon-2048x1366.jpg 2048w, https:\/\/lareservabsc.com\/wp-content\/uploads\/2023\/10\/mini-golf-yellow-ball-with-a-bat-near-the-hole-at-2021-08-26-23-00-47-utc_11zon-18x12.jpg 18w\" sizes=\"(max-width: 2560px) 100vw, 2560px\" \/><\/div>\n\t\t<\/a>\n\t\t\t\t<div class=\"elementor-post__text\">\n\t\t\t\t<h3 class=\"elementor-post__title\">\n\t\t\t<a href=\"https:\/\/lareservabsc.com\/en\/blog\/what-is-the-story-behind-minigolf-and-its-popularity-nowadays\/\" >\n\t\t\t\tWhat is the history behind mini golf and its popularity today?\t\t\t<\/a>\n\t\t<\/h3>\n\t\t\t\t<div class=\"elementor-post__meta-data\">\n\t\t\t\t\t<span class=\"elementor-post-date\">\n\t\t\tOctober 18, 2023\t\t<\/span>\n\t\t\t\t<\/div>\n\t\t\n\t\t<a class=\"elementor-post__read-more\" href=\"https:\/\/lareservabsc.com\/en\/blog\/what-is-the-story-behind-minigolf-and-its-popularity-nowadays\/\" aria-label=\"Read more about \u00bfCu\u00e1l es la historia detr\u00e1s del minigolf y su popularidad en la actualidad?\" tabindex=\"-1\" >\n\t\t\tRead more &quot;\t\t<\/a>\n\n\t\t\t\t<\/div>\n\t\t\t\t<\/article>\n\t\t\t\t<article class=\"elementor-post elementor-grid-item post-3392 post type-post status-publish format-standard has-post-thumbnail hentry category-blog\">\n\t\t\t\t<a class=\"elementor-post__thumbnail__link\" href=\"https:\/\/lareservabsc.com\/en\/blog\/restaurant-los-alcazares-where-tradition-meets-innovation\/\" tabindex=\"-1\" >\n\t\t\t<div class=\"elementor-post__thumbnail\"><img decoding=\"async\" width=\"2373\" height=\"1584\" src=\"https:\/\/lareservabsc.com\/wp-content\/uploads\/2023\/09\/pan-with-sea-paella-dish-2022-02-09-04-37-15-utc_11zon.jpg\" class=\"attachment-full size-full wp-image-3393\" alt=\"\" srcset=\"https:\/\/lareservabsc.com\/wp-content\/uploads\/2023\/09\/pan-with-sea-paella-dish-2022-02-09-04-37-15-utc_11zon.jpg 2373w, https:\/\/lareservabsc.com\/wp-content\/uploads\/2023\/09\/pan-with-sea-paella-dish-2022-02-09-04-37-15-utc_11zon-300x200.jpg 300w, https:\/\/lareservabsc.com\/wp-content\/uploads\/2023\/09\/pan-with-sea-paella-dish-2022-02-09-04-37-15-utc_11zon-1024x684.jpg 1024w, https:\/\/lareservabsc.com\/wp-content\/uploads\/2023\/09\/pan-with-sea-paella-dish-2022-02-09-04-37-15-utc_11zon-768x513.jpg 768w, https:\/\/lareservabsc.com\/wp-content\/uploads\/2023\/09\/pan-with-sea-paella-dish-2022-02-09-04-37-15-utc_11zon-1536x1025.jpg 1536w, https:\/\/lareservabsc.com\/wp-content\/uploads\/2023\/09\/pan-with-sea-paella-dish-2022-02-09-04-37-15-utc_11zon-2048x1367.jpg 2048w, https:\/\/lareservabsc.com\/wp-content\/uploads\/2023\/09\/pan-with-sea-paella-dish-2022-02-09-04-37-15-utc_11zon-18x12.jpg 18w\" sizes=\"(max-width: 2373px) 100vw, 2373px\" \/><\/div>\n\t\t<\/a>\n\t\t\t\t<div class=\"elementor-post__text\">\n\t\t\t\t<h3 class=\"elementor-post__title\">\n\t\t\t<a href=\"https:\/\/lareservabsc.com\/en\/blog\/restaurant-los-alcazares-where-tradition-meets-innovation\/\" >\n\t\t\t\tLos Alc\u00e1zares Restaurant: Where Tradition Meets Innovation\t\t\t<\/a>\n\t\t<\/h3>\n\t\t\t\t<div class=\"elementor-post__meta-data\">\n\t\t\t\t\t<span class=\"elementor-post-date\">\n\t\t\tSeptember 11, 2023\t\t<\/span>\n\t\t\t\t<\/div>\n\t\t\n\t\t<a class=\"elementor-post__read-more\" href=\"https:\/\/lareservabsc.com\/en\/blog\/restaurant-los-alcazares-where-tradition-meets-innovation\/\" aria-label=\"Read more about Restaurante Los Alc\u00e1zares: Donde la Tradici\u00f3n se Encuentra con la Innovaci\u00f3n\" tabindex=\"-1\" >\n\t\t\tRead more &quot;\t\t<\/a>\n\n\t\t\t\t<\/div>\n\t\t\t\t<\/article>\n\t\t\t\t<article class=\"elementor-post elementor-grid-item post-3375 post type-post status-publish format-standard has-post-thumbnail hentry category-blog\">\n\t\t\t\t<a class=\"elementor-post__thumbnail__link\" href=\"https:\/\/lareservabsc.com\/en\/blog\/celebrate-your-birthday-at-our-minigolf-in-murcia-fun-guaranteed\/\" tabindex=\"-1\" >\n\t\t\t<div class=\"elementor-post__thumbnail\"><img decoding=\"async\" width=\"2560\" height=\"1707\" src=\"https:\/\/lareservabsc.com\/wp-content\/uploads\/2023\/08\/mini-golf-scene-with-ball-and-club-2021-08-26-17-02-15-utc_11zon-scaled.jpg\" class=\"attachment-full size-full wp-image-3379\" alt=\"\" srcset=\"https:\/\/lareservabsc.com\/wp-content\/uploads\/2023\/08\/mini-golf-scene-with-ball-and-club-2021-08-26-17-02-15-utc_11zon-scaled.jpg 2560w, https:\/\/lareservabsc.com\/wp-content\/uploads\/2023\/08\/mini-golf-scene-with-ball-and-club-2021-08-26-17-02-15-utc_11zon-300x200.jpg 300w, https:\/\/lareservabsc.com\/wp-content\/uploads\/2023\/08\/mini-golf-scene-with-ball-and-club-2021-08-26-17-02-15-utc_11zon-1024x683.jpg 1024w, https:\/\/lareservabsc.com\/wp-content\/uploads\/2023\/08\/mini-golf-scene-with-ball-and-club-2021-08-26-17-02-15-utc_11zon-768x512.jpg 768w, https:\/\/lareservabsc.com\/wp-content\/uploads\/2023\/08\/mini-golf-scene-with-ball-and-club-2021-08-26-17-02-15-utc_11zon-1536x1024.jpg 1536w, https:\/\/lareservabsc.com\/wp-content\/uploads\/2023\/08\/mini-golf-scene-with-ball-and-club-2021-08-26-17-02-15-utc_11zon-2048x1365.jpg 2048w\" sizes=\"(max-width: 2560px) 100vw, 2560px\" \/><\/div>\n\t\t<\/a>\n\t\t\t\t<div class=\"elementor-post__text\">\n\t\t\t\t<h3 class=\"elementor-post__title\">\n\t\t\t<a href=\"https:\/\/lareservabsc.com\/en\/blog\/celebrate-your-birthday-at-our-minigolf-in-murcia-fun-guaranteed\/\" >\n\t\t\t\tCelebrate your birthday at our Minigolf in Murcia: fun guaranteed\t\t\t<\/a>\n\t\t<\/h3>\n\t\t\t\t<div class=\"elementor-post__meta-data\">\n\t\t\t\t\t<span class=\"elementor-post-date\">\n\t\t\tAugust 18, 2023\t\t<\/span>\n\t\t\t\t<\/div>\n\t\t\n\t\t<a class=\"elementor-post__read-more\" href=\"https:\/\/lareservabsc.com\/en\/blog\/celebrate-your-birthday-at-our-minigolf-in-murcia-fun-guaranteed\/\" aria-label=\"Read more about Celebra tu cumplea\u00f1os en nuestro Minigolf en Murcia: diversi\u00f3n garantizada\" tabindex=\"-1\" >\n\t\t\tRead more &quot;\t\t<\/a>\n\n\t\t\t\t<\/div>\n\t\t\t\t<\/article>\n\t\t\t\t<article class=\"elementor-post elementor-grid-item post-3366 post type-post status-publish format-standard has-post-thumbnail hentry category-blog\">\n\t\t\t\t<a class=\"elementor-post__thumbnail__link\" href=\"https:\/\/lareservabsc.com\/en\/blog\/discover-the-gastronomic-charm-of-the-reserve-beach-club-in-los-alcazares\/\" tabindex=\"-1\" >\n\t\t\t<div class=\"elementor-post__thumbnail\"><img loading=\"lazy\" decoding=\"async\" width=\"1440\" height=\"810\" src=\"https:\/\/lareservabsc.com\/wp-content\/uploads\/2023\/05\/lrbsc-01.jpg\" class=\"attachment-full size-full wp-image-2137\" alt=\"\" srcset=\"https:\/\/lareservabsc.com\/wp-content\/uploads\/2023\/05\/lrbsc-01.jpg 1440w, https:\/\/lareservabsc.com\/wp-content\/uploads\/2023\/05\/lrbsc-01-300x169.jpg 300w, https:\/\/lareservabsc.com\/wp-content\/uploads\/2023\/05\/lrbsc-01-1024x576.jpg 1024w, https:\/\/lareservabsc.com\/wp-content\/uploads\/2023\/05\/lrbsc-01-768x432.jpg 768w\" sizes=\"(max-width: 1440px) 100vw, 1440px\" \/><\/div>\n\t\t<\/a>\n\t\t\t\t<div class=\"elementor-post__text\">\n\t\t\t\t<h3 class=\"elementor-post__title\">\n\t\t\t<a href=\"https:\/\/lareservabsc.com\/en\/blog\/discover-the-gastronomic-charm-of-the-reserve-beach-club-in-los-alcazares\/\" >\n\t\t\t\tDiscover the gastronomic charm of La Reserva Beach Club in Los Alc\u00e1zares\t\t\t<\/a>\n\t\t<\/h3>\n\t\t\t\t<div class=\"elementor-post__meta-data\">\n\t\t\t\t\t<span class=\"elementor-post-date\">\n\t\t\tJuly 25, 2023\t\t<\/span>\n\t\t\t\t<\/div>\n\t\t\n\t\t<a class=\"elementor-post__read-more\" href=\"https:\/\/lareservabsc.com\/en\/blog\/discover-the-gastronomic-charm-of-the-reserve-beach-club-in-los-alcazares\/\" aria-label=\"Read more about Descubre el encanto gastron\u00f3mico de La Reserva Beach Club en Los Alc\u00e1zares\" tabindex=\"-1\" >\n\t\t\tRead more &quot;\t\t<\/a>\n\n\t\t\t\t<\/div>\n\t\t\t\t<\/article>\n\t\t\t\t<article class=\"elementor-post elementor-grid-item post-3357 post type-post status-publish format-standard has-post-thumbnail hentry category-blog\">\n\t\t\t\t<a class=\"elementor-post__thumbnail__link\" href=\"https:\/\/lareservabsc.com\/en\/blog\/18-hole-miniature-golf-course-largest-in-europe-is-in-murcia\/\" tabindex=\"-1\" >\n\t\t\t<div class=\"elementor-post__thumbnail\"><img loading=\"lazy\" decoding=\"async\" width=\"1616\" height=\"1077\" src=\"https:\/\/lareservabsc.com\/wp-content\/uploads\/2023\/05\/SANTA-ROSALIA_93.jpg\" class=\"attachment-full size-full wp-image-2288\" alt=\"\" srcset=\"https:\/\/lareservabsc.com\/wp-content\/uploads\/2023\/05\/SANTA-ROSALIA_93.jpg 1616w, https:\/\/lareservabsc.com\/wp-content\/uploads\/2023\/05\/SANTA-ROSALIA_93-300x200.jpg 300w, https:\/\/lareservabsc.com\/wp-content\/uploads\/2023\/05\/SANTA-ROSALIA_93-1024x682.jpg 1024w, https:\/\/lareservabsc.com\/wp-content\/uploads\/2023\/05\/SANTA-ROSALIA_93-768x512.jpg 768w, https:\/\/lareservabsc.com\/wp-content\/uploads\/2023\/05\/SANTA-ROSALIA_93-1536x1024.jpg 1536w\" sizes=\"(max-width: 1616px) 100vw, 1616px\" \/><\/div>\n\t\t<\/a>\n\t\t\t\t<div class=\"elementor-post__text\">\n\t\t\t\t<h3 class=\"elementor-post__title\">\n\t\t\t<a href=\"https:\/\/lareservabsc.com\/en\/blog\/18-hole-miniature-golf-course-largest-in-europe-is-in-murcia\/\" >\n\t\t\t\tThe largest 18-hole Minigolf course in Europe is in Murcia\t\t\t<\/a>\n\t\t<\/h3>\n\t\t\t\t<div class=\"elementor-post__meta-data\">\n\t\t\t\t\t<span class=\"elementor-post-date\">\n\t\t\tJune 29, 2023\t\t<\/span>\n\t\t\t\t<\/div>\n\t\t\n\t\t<a class=\"elementor-post__read-more\" href=\"https:\/\/lareservabsc.com\/en\/blog\/18-hole-miniature-golf-course-largest-in-europe-is-in-murcia\/\" aria-label=\"Read more about El campo de Minigolf de 18 hoyos m\u00e1s grande de Europa est\u00e1 en Murcia\" tabindex=\"-1\" >\n\t\t\tRead more &quot;\t\t<\/a>\n\n\t\t\t\t<\/div>\n\t\t\t\t<\/article>\n\t\t\t\t<\/div>\n\t\t\n\t\t\t\t<\/div>\n\t\t\t\t<\/div>\n\t\t\t\t<\/div>\n\t\t\t\t<\/div>\n\t\t\t\t<\/div>","protected":false},"excerpt":{"rendered":"<p>BLOG<\/p>","protected":false},"author":3,"featured_media":0,"parent":0,"menu_order":0,"comment_status":"closed","ping_status":"closed","template":"","meta":{"_acf_changed":false,"footnotes":""},"acf":[],"yoast_head":"<!-- This site is optimized with the Yoast SEO plugin v22.3 - https:\/\/yoast.com\/wordpress\/plugins\/seo\/ -->\n<title>Blog - La Reserva Beach Sport Club<\/title>\n<meta name=\"robots\" content=\"index, follow, max-snippet:-1, max-image-preview:large, max-video-preview:-1\" \/>\n<link rel=\"canonical\" href=\"https:\/\/lareservabsc.com\/en\/blog\/\" \/>\n<meta property=\"og:locale\" content=\"en_GB\" \/>\n<meta property=\"og:type\" content=\"article\" \/>\n<meta property=\"og:title\" content=\"Blog - La Reserva Beach Sport Club\" \/>\n<meta property=\"og:description\" content=\"BLOG\" \/>\n<meta property=\"og:url\" content=\"https:\/\/lareservabsc.com\/en\/blog\/\" \/>\n<meta property=\"og:site_name\" content=\"La Reserva Beach Sport Club\" \/>\n<meta property=\"article:modified_time\" content=\"2023-06-28T19:24:15+00:00\" \/>\n<meta name=\"twitter:card\" content=\"summary_large_image\" \/>\n<meta name=\"twitter:label1\" content=\"Estimated reading time\" \/>\n\t<meta name=\"twitter:data1\" content=\"1 minute\" \/>\n<script type=\"application\/ld+json\" class=\"yoast-schema-graph\">{\"@context\":\"https:\/\/schema.org\",\"@graph\":[{\"@type\":\"WebPage\",\"@id\":\"https:\/\/lareservabsc.com\/blog\/\",\"url\":\"https:\/\/lareservabsc.com\/blog\/\",\"name\":\"Blog - La Reserva Beach Sport Club\",\"isPartOf\":{\"@id\":\"https:\/\/lareservabsc.com\/#website\"},\"datePublished\":\"2023-06-28T16:58:07+00:00\",\"dateModified\":\"2023-06-28T19:24:15+00:00\",\"breadcrumb\":{\"@id\":\"https:\/\/lareservabsc.com\/blog\/#breadcrumb\"},\"inLanguage\":\"en-GB\",\"potentialAction\":[{\"@type\":\"ReadAction\",\"target\":[\"https:\/\/lareservabsc.com\/blog\/\"]}]},{\"@type\":\"BreadcrumbList\",\"@id\":\"https:\/\/lareservabsc.com\/blog\/#breadcrumb\",\"itemListElement\":[{\"@type\":\"ListItem\",\"position\":1,\"name\":\"Portada\",\"item\":\"https:\/\/lareservabsc.com\/\"},{\"@type\":\"ListItem\",\"position\":2,\"name\":\"Blog\"}]},{\"@type\":\"WebSite\",\"@id\":\"https:\/\/lareservabsc.com\/#website\",\"url\":\"https:\/\/lareservabsc.com\/\",\"name\":\"La Reserva Beach Sport Club\",\"description\":\"Santa Rosal\u00eda Lake and Life Resort\",\"publisher\":{\"@id\":\"https:\/\/lareservabsc.com\/#organization\"},\"potentialAction\":[{\"@type\":\"SearchAction\",\"target\":{\"@type\":\"EntryPoint\",\"urlTemplate\":\"https:\/\/lareservabsc.com\/?s={search_term_string}\"},\"query-input\":\"required name=search_term_string\"}],\"inLanguage\":\"en-GB\"},{\"@type\":\"Organization\",\"@id\":\"https:\/\/lareservabsc.com\/#organization\",\"name\":\"La Reserva Beach Sport Club\",\"url\":\"https:\/\/lareservabsc.com\/\",\"logo\":{\"@type\":\"ImageObject\",\"inLanguage\":\"en-GB\",\"@id\":\"https:\/\/lareservabsc.com\/#\/schema\/logo\/image\/\",\"url\":\"https:\/\/lareservabsc.com\/wp-content\/uploads\/2023\/04\/Logo-La-Reserva_Negativo.svg\",\"contentUrl\":\"https:\/\/lareservabsc.com\/wp-content\/uploads\/2023\/04\/Logo-La-Reserva_Negativo.svg\",\"width\":382,\"height\":276,\"caption\":\"La Reserva Beach Sport Club\"},\"image\":{\"@id\":\"https:\/\/lareservabsc.com\/#\/schema\/logo\/image\/\"}}]}<\/script>\n<!-- \/ Yoast SEO plugin. -->","yoast_head_json":{"title":"Blog - La Reserva Beach Sport Club","robots":{"index":"index","follow":"follow","max-snippet":"max-snippet:-1","max-image-preview":"max-image-preview:large","max-video-preview":"max-video-preview:-1"},"canonical":"https:\/\/lareservabsc.com\/en\/blog\/","og_locale":"en_GB","og_type":"article","og_title":"Blog - La Reserva Beach Sport Club","og_description":"BLOG","og_url":"https:\/\/lareservabsc.com\/en\/blog\/","og_site_name":"La Reserva Beach Sport Club","article_modified_time":"2023-06-28T19:24:15+00:00","twitter_card":"summary_large_image","twitter_misc":{"Estimated reading time":"1 minute"},"schema":{"@context":"https:\/\/schema.org","@graph":[{"@type":"WebPage","@id":"https:\/\/lareservabsc.com\/blog\/","url":"https:\/\/lareservabsc.com\/blog\/","name":"Blog - La Reserva Beach Sport Club","isPartOf":{"@id":"https:\/\/lareservabsc.com\/#website"},"datePublished":"2023-06-28T16:58:07+00:00","dateModified":"2023-06-28T19:24:15+00:00","breadcrumb":{"@id":"https:\/\/lareservabsc.com\/blog\/#breadcrumb"},"inLanguage":"en-GB","potentialAction":[{"@type":"ReadAction","target":["https:\/\/lareservabsc.com\/blog\/"]}]},{"@type":"BreadcrumbList","@id":"https:\/\/lareservabsc.com\/blog\/#breadcrumb","itemListElement":[{"@type":"ListItem","position":1,"name":"Portada","item":"https:\/\/lareservabsc.com\/"},{"@type":"ListItem","position":2,"name":"Blog"}]},{"@type":"WebSite","@id":"https:\/\/lareservabsc.com\/#website","url":"https:\/\/lareservabsc.com\/","name":"La Reserva Beach Sport Club","description":"Santa Rosal\u00eda Lake and Life Resort","publisher":{"@id":"https:\/\/lareservabsc.com\/#organization"},"potentialAction":[{"@type":"SearchAction","target":{"@type":"EntryPoint","urlTemplate":"https:\/\/lareservabsc.com\/?s={search_term_string}"},"query-input":"required name=search_term_string"}],"inLanguage":"en-GB"},{"@type":"Organization","@id":"https:\/\/lareservabsc.com\/#organization","name":"La Reserva Beach Sport Club","url":"https:\/\/lareservabsc.com\/","logo":{"@type":"ImageObject","inLanguage":"en-GB","@id":"https:\/\/lareservabsc.com\/#\/schema\/logo\/image\/","url":"https:\/\/lareservabsc.com\/wp-content\/uploads\/2023\/04\/Logo-La-Reserva_Negativo.svg","contentUrl":"https:\/\/lareservabsc.com\/wp-content\/uploads\/2023\/04\/Logo-La-Reserva_Negativo.svg","width":382,"height":276,"caption":"La Reserva Beach Sport Club"},"image":{"@id":"https:\/\/lareservabsc.com\/#\/schema\/logo\/image\/"}}]}},"_links":{"self":[{"href":"https:\/\/lareservabsc.com\/en\/wp-json\/wp\/v2\/pages\/3274"}],"collection":[{"href":"https:\/\/lareservabsc.com\/en\/wp-json\/wp\/v2\/pages"}],"about":[{"href":"https:\/\/lareservabsc.com\/en\/wp-json\/wp\/v2\/types\/page"}],"author":[{"embeddable":true,"href":"https:\/\/lareservabsc.com\/en\/wp-json\/wp\/v2\/users\/3"}],"replies":[{"embeddable":true,"href":"https:\/\/lareservabsc.com\/en\/wp-json\/wp\/v2\/comments?post=3274"}],"version-history":[{"count":13,"href":"https:\/\/lareservabsc.com\/en\/wp-json\/wp\/v2\/pages\/3274\/revisions"}],"predecessor-version":[{"id":3354,"href":"https:\/\/lareservabsc.com\/en\/wp-json\/wp\/v2\/pages\/3274\/revisions\/3354"}],"wp:attachment":[{"href":"https:\/\/lareservabsc.com\/en\/wp-json\/wp\/v2\/media?parent=3274"}],"curies":[{"name":"wp","href":"https:\/\/api.w.org\/{rel}","templated":true}]}}