{"id":15,"date":"2023-04-25T11:27:30","date_gmt":"2023-04-25T11:27:30","guid":{"rendered":"https:\/\/www.lareservabsc.com\/?page_id=15"},"modified":"2023-05-11T11:53:09","modified_gmt":"2023-05-11T11:53:09","slug":"entorno","status":"publish","type":"page","link":"https:\/\/lareservabsc.com\/en\/environment\/","title":{"rendered":"Environment"},"content":{"rendered":"<div data-elementor-type=\"wp-page\" data-elementor-id=\"15\" class=\"elementor elementor-15\" data-elementor-post-type=\"page\">\n\t\t\t\t<div class=\"elementor-element elementor-element-2f90174 e-con-full e-flex e-con e-parent\" data-id=\"2f90174\" data-element_type=\"container\" data-core-v316-plus=\"true\">\n\t\t<div class=\"elementor-element elementor-element-8c66ef6 e-con-full e-flex e-con e-parent\" data-id=\"8c66ef6\" data-element_type=\"container\" data-core-v316-plus=\"true\">\n\t\t\t\t<div class=\"elementor-element elementor-element-2d42d19 elementor-widget elementor-widget-heading\" data-id=\"2d42d19\" data-element_type=\"widget\" data-widget_type=\"heading.default\">\n\t\t\t\t<div class=\"elementor-widget-container\">\n\t\t\t<style>\/*! elementor - v3.20.0 - 26-03-2024 *\/\n.elementor-heading-title{padding:0;margin:0;line-height:1}.elementor-widget-heading .elementor-heading-title[class*=elementor-size-]>a{color:inherit;font-size:inherit;line-height:inherit}.elementor-widget-heading .elementor-heading-title.elementor-size-small{font-size:15px}.elementor-widget-heading .elementor-heading-title.elementor-size-medium{font-size:19px}.elementor-widget-heading .elementor-heading-title.elementor-size-large{font-size:29px}.elementor-widget-heading .elementor-heading-title.elementor-size-xl{font-size:39px}.elementor-widget-heading .elementor-heading-title.elementor-size-xxl{font-size:59px}<\/style><h1 class=\"elementor-heading-title elementor-size-default\">Our <\/br>Environment<\/h1>\t\t<\/div>\n\t\t\t\t<\/div>\n\t\t\t\t<\/div>\n\t\t<div class=\"elementor-element elementor-element-8ebeb09 e-con-full e-flex e-con e-parent\" data-id=\"8ebeb09\" data-element_type=\"container\" data-core-v316-plus=\"true\">\n\t\t<div class=\"elementor-element elementor-element-bd7f8d7 e-con-full e-flex e-con e-parent\" data-id=\"bd7f8d7\" data-element_type=\"container\" data-core-v316-plus=\"true\">\n\t\t\t\t<\/div>\n\t\t<div class=\"elementor-element elementor-element-5983236 e-con-full e-flex e-con e-parent\" data-id=\"5983236\" data-element_type=\"container\" data-core-v316-plus=\"true\">\n\t\t\t\t<div class=\"elementor-element elementor-element-bdd3ee7 elementor-widget elementor-widget-text-editor\" data-id=\"bdd3ee7\" data-element_type=\"widget\" data-widget_type=\"text-editor.default\">\n\t\t\t\t<div class=\"elementor-widget-container\">\n\t\t\t<style>\/*! elementor - v3.20.0 - 26-03-2024 *\/\n.elementor-widget-text-editor.elementor-drop-cap-view-stacked .elementor-drop-cap{background-color:#69727d;color:#fff}.elementor-widget-text-editor.elementor-drop-cap-view-framed .elementor-drop-cap{color:#69727d;border:3px solid;background-color:transparent}.elementor-widget-text-editor:not(.elementor-drop-cap-view-default) .elementor-drop-cap{margin-top:8px}.elementor-widget-text-editor:not(.elementor-drop-cap-view-default) .elementor-drop-cap-letter{width:1em;height:1em}.elementor-widget-text-editor .elementor-drop-cap{float:left;text-align:center;line-height:1;font-size:50px}.elementor-widget-text-editor .elementor-drop-cap-letter{display:inline-block}<\/style>\t\t\t\tLa Reserva Beach Sport Club comes into existence at the heart of Santa Rosal\u00eda Lake and Life Resort. A paradisiac oasis located on the Mediterranean coast that invites you to relax under the sun and to enjoy leisure activities and nature like you would have never imagined.\t\t\t\t\t\t<\/div>\n\t\t\t\t<\/div>\n\t\t\t\t<\/div>\n\t\t\t\t<\/div>\n\t\t\t\t<\/div>\n\t\t<div class=\"elementor-element elementor-element-d0ff55d e-con-full e-flex e-con e-parent\" data-id=\"d0ff55d\" data-element_type=\"container\" data-core-v316-plus=\"true\">\n\t\t<div class=\"elementor-element elementor-element-16da67b e-con-full e-flex e-con e-parent\" data-id=\"16da67b\" data-element_type=\"container\" data-settings=\"{&quot;background_background&quot;:&quot;classic&quot;}\" data-e-bg-lazyload=\"\" data-core-v316-plus=\"true\">\n\t\t\t\t<\/div>\n\t\t<div class=\"elementor-element elementor-element-1f0c823 e-con-full e-flex e-con e-parent\" data-id=\"1f0c823\" data-element_type=\"container\" data-settings=\"{&quot;background_background&quot;:&quot;classic&quot;}\" data-e-bg-lazyload=\"\" data-core-v316-plus=\"true\">\n\t\t\t\t<\/div>\n\t\t\t\t<\/div>\n\t\t<div class=\"elementor-element elementor-element-fff37a4 e-con-full e-flex e-con e-parent\" data-id=\"fff37a4\" data-element_type=\"container\" data-core-v316-plus=\"true\">\n\t\t<div class=\"elementor-element elementor-element-14eb109 e-con-full e-flex e-con e-parent\" data-id=\"14eb109\" data-element_type=\"container\" data-core-v316-plus=\"true\">\n\t\t\t\t<div class=\"elementor-element elementor-element-604e536 elementor-widget__width-initial elementor-widget elementor-widget-heading\" data-id=\"604e536\" data-element_type=\"widget\" data-widget_type=\"heading.default\">\n\t\t\t\t<div class=\"elementor-widget-container\">\n\t\t\t<h4 class=\"elementor-heading-title elementor-size-default\">The natural environment of La Reserva gives name to this club that is open to everybody wishing to combine sport, leisure and gastronomy. <\/h4>\t\t<\/div>\n\t\t\t\t<\/div>\n\t\t\t\t<\/div>\n\t\t<div class=\"elementor-element elementor-element-e5df941 e-con-full e-flex e-con e-parent\" data-id=\"e5df941\" data-element_type=\"container\" data-core-v316-plus=\"true\">\n\t\t\t\t<div class=\"elementor-element elementor-element-9739313 elementor-widget elementor-widget-text-editor\" data-id=\"9739313\" data-element_type=\"widget\" data-widget_type=\"text-editor.default\">\n\t\t\t\t<div class=\"elementor-widget-container\">\n\t\t\t\t\t\t\tA space located 4 km away from the sea between the boroughs of Torre Pacheco and Los Alc\u00e1zares, both belonging to the Mar Menor region. A privileged location that makes it possible to enjoy warm temperatures and sunny skies for more than 300 days a year.\t\t\t\t\t\t<\/div>\n\t\t\t\t<\/div>\n\t\t\t\t<\/div>\n\t\t\t\t<\/div>\n\t\t<div class=\"elementor-element elementor-element-e55bb0b e-con-full e-flex e-con e-parent\" data-id=\"e55bb0b\" data-element_type=\"container\" data-core-v316-plus=\"true\">\n\t\t\t\t<div class=\"elementor-element elementor-element-99a1d56 elementor-arrows-position-inside elementor-widget elementor-widget-image-carousel\" data-id=\"99a1d56\" data-element_type=\"widget\" data-settings=\"{&quot;navigation&quot;:&quot;arrows&quot;,&quot;autoplay&quot;:&quot;yes&quot;,&quot;pause_on_hover&quot;:&quot;yes&quot;,&quot;pause_on_interaction&quot;:&quot;yes&quot;,&quot;autoplay_speed&quot;:5000,&quot;infinite&quot;:&quot;yes&quot;,&quot;speed&quot;:500,&quot;image_spacing_custom&quot;:{&quot;unit&quot;:&quot;px&quot;,&quot;size&quot;:20,&quot;sizes&quot;:[]},&quot;image_spacing_custom_tablet&quot;:{&quot;unit&quot;:&quot;px&quot;,&quot;size&quot;:&quot;&quot;,&quot;sizes&quot;:[]},&quot;image_spacing_custom_mobile&quot;:{&quot;unit&quot;:&quot;px&quot;,&quot;size&quot;:&quot;&quot;,&quot;sizes&quot;:[]}}\" data-widget_type=\"image-carousel.default\">\n\t\t\t\t<div class=\"elementor-widget-container\">\n\t\t\t<style>\/*! elementor - v3.20.0 - 26-03-2024 *\/\n.elementor-widget-image-carousel .swiper,.elementor-widget-image-carousel .swiper-container{position:static}.elementor-widget-image-carousel .swiper-container .swiper-slide figure,.elementor-widget-image-carousel .swiper .swiper-slide figure{line-height:inherit}.elementor-widget-image-carousel .swiper-slide{text-align:center}.elementor-image-carousel-wrapper:not(.swiper-container-initialized):not(.swiper-initialized) .swiper-slide{max-width:calc(100% \/ var(--e-image-carousel-slides-to-show, 3))}<\/style>\t\t<div class=\"elementor-image-carousel-wrapper swiper\" dir=\"ltr\">\n\t\t\t<div class=\"elementor-image-carousel swiper-wrapper\" aria-live=\"off\">\n\t\t\t\t\t\t\t\t<div class=\"swiper-slide\" role=\"group\" aria-roledescription=\"slide\" aria-label=\"1 of 5\"><figure class=\"swiper-slide-inner\"><img decoding=\"async\" class=\"swiper-slide-image\" src=\"https:\/\/lareservabsc.com\/wp-content\/uploads\/2023\/05\/SANTA-ROSALIA_87.jpg\" alt=\"SAINT ROSALIA_87\" \/><\/figure><\/div><div class=\"swiper-slide\" role=\"group\" aria-roledescription=\"slide\" aria-label=\"2 of 5\"><figure class=\"swiper-slide-inner\"><img decoding=\"async\" class=\"swiper-slide-image\" src=\"https:\/\/lareservabsc.com\/wp-content\/uploads\/2023\/05\/SANTA-ROSALIA_157.jpg\" alt=\"SAINT ROSALIA_157\" \/><\/figure><\/div><div class=\"swiper-slide\" role=\"group\" aria-roledescription=\"slide\" aria-label=\"3 of 5\"><figure class=\"swiper-slide-inner\"><img decoding=\"async\" class=\"swiper-slide-image\" src=\"https:\/\/lareservabsc.com\/wp-content\/uploads\/2023\/05\/SANTA-ROSALIA_86.jpg\" alt=\"SAINT ROSALIA_86\" \/><\/figure><\/div><div class=\"swiper-slide\" role=\"group\" aria-roledescription=\"slide\" aria-label=\"4 of 5\"><figure class=\"swiper-slide-inner\"><img decoding=\"async\" class=\"swiper-slide-image\" src=\"https:\/\/lareservabsc.com\/wp-content\/uploads\/2023\/05\/SANTA-ROSALIA_163.jpg\" alt=\"SAINT ROSALIA_163\" \/><\/figure><\/div><div class=\"swiper-slide\" role=\"group\" aria-roledescription=\"slide\" aria-label=\"5 of 5\"><figure class=\"swiper-slide-inner\"><img decoding=\"async\" class=\"swiper-slide-image\" src=\"https:\/\/lareservabsc.com\/wp-content\/uploads\/2023\/05\/SANTA-ROSALIA_143.jpg\" alt=\"SAINT ROSALIA_143\" \/><\/figure><\/div>\t\t\t<\/div>\n\t\t\t\t\t\t\t\t\t\t\t\t<div class=\"elementor-swiper-button elementor-swiper-button-prev\" role=\"button\" tabindex=\"0\">\n\t\t\t\t\t\t<svg aria-hidden=\"true\" class=\"e-font-icon-svg e-eicon-chevron-left\" viewbox=\"0 0 1000 1000\" xmlns=\"http:\/\/www.w3.org\/2000\/svg\"><path d=\"M646 125C629 125 613 133 604 142L308 442C296 454 292 471 292 487 292 504 296 521 308 533L604 854C617 867 629 875 646 875 663 875 679 871 692 858 704 846 713 829 713 812 713 796 708 779 692 767L438 487 692 225C700 217 708 204 708 187 708 171 704 154 692 142 675 129 663 125 646 125Z\"><\/path><\/svg>\t\t\t\t\t<\/div>\n\t\t\t\t\t<div class=\"elementor-swiper-button elementor-swiper-button-next\" role=\"button\" tabindex=\"0\">\n\t\t\t\t\t\t<svg aria-hidden=\"true\" class=\"e-font-icon-svg e-eicon-chevron-right\" viewbox=\"0 0 1000 1000\" xmlns=\"http:\/\/www.w3.org\/2000\/svg\"><path d=\"M696 533C708 521 713 504 713 487 713 471 708 454 696 446L400 146C388 133 375 125 354 125 338 125 325 129 313 142 300 154 292 171 292 187 292 204 296 221 308 233L563 492 304 771C292 783 288 800 288 817 288 833 296 850 308 863 321 871 338 875 354 875 371 875 388 867 400 854L696 533Z\"><\/path><\/svg>\t\t\t\t\t<\/div>\n\t\t\t\t\n\t\t\t\t\t\t\t\t\t<\/div>\n\t\t\t\t<\/div>\n\t\t\t\t<\/div>\n\t\t\t\t<\/div>\n\t\t\t\t<\/div>","protected":false},"excerpt":{"rendered":"<p>Nuestro Entorno La Reserva Beach Sport Club nace en el coraz\u00f3n de Santa Rosal\u00eda Lake and Life Resort. Un oasis paradis\u00edaco situado en la costa del Mediterr\u00e1neo que invita a la relajaci\u00f3n bajo el sol y el disfrute del ocio y la naturaleza como nunca antes lo hubieras imaginado El entorno natural de La Reserva [&hellip;]<\/p>","protected":false},"author":3,"featured_media":0,"parent":0,"menu_order":0,"comment_status":"closed","ping_status":"closed","template":"","meta":{"_acf_changed":false,"footnotes":""},"acf":[],"yoast_head":"<!-- This site is optimized with the Yoast SEO plugin v22.3 - https:\/\/yoast.com\/wordpress\/plugins\/seo\/ -->\n<title>Entorno - La Reserva Beach Sport Club<\/title>\n<meta name=\"robots\" content=\"index, follow, max-snippet:-1, max-image-preview:large, max-video-preview:-1\" \/>\n<link rel=\"canonical\" href=\"https:\/\/lareservabsc.com\/en\/environment\/\" \/>\n<meta property=\"og:locale\" content=\"en_GB\" \/>\n<meta property=\"og:type\" content=\"article\" \/>\n<meta property=\"og:title\" content=\"Entorno - La Reserva Beach Sport Club\" \/>\n<meta property=\"og:description\" content=\"Nuestro Entorno La Reserva Beach Sport Club nace en el coraz\u00f3n de Santa Rosal\u00eda Lake and Life Resort. Un oasis paradis\u00edaco situado en la costa del Mediterr\u00e1neo que invita a la relajaci\u00f3n bajo el sol y el disfrute del ocio y la naturaleza como nunca antes lo hubieras imaginado El entorno natural de La Reserva [&hellip;]\" \/>\n<meta property=\"og:url\" content=\"https:\/\/lareservabsc.com\/en\/environment\/\" \/>\n<meta property=\"og:site_name\" content=\"La Reserva Beach Sport Club\" \/>\n<meta property=\"article:modified_time\" content=\"2023-05-11T11:53:09+00:00\" \/>\n<meta property=\"og:image\" content=\"http:\/\/lareservabsc.com\/wp-content\/uploads\/2023\/05\/SANTA-ROSALIA_87.jpg\" \/>\n<meta name=\"twitter:card\" content=\"summary_large_image\" \/>\n<meta name=\"twitter:label1\" content=\"Estimated reading time\" \/>\n\t<meta name=\"twitter:data1\" content=\"1 minute\" \/>\n<script type=\"application\/ld+json\" class=\"yoast-schema-graph\">{\"@context\":\"https:\/\/schema.org\",\"@graph\":[{\"@type\":\"WebPage\",\"@id\":\"https:\/\/lareservabsc.com\/entorno\/\",\"url\":\"https:\/\/lareservabsc.com\/entorno\/\",\"name\":\"Entorno - La Reserva Beach Sport Club\",\"isPartOf\":{\"@id\":\"https:\/\/lareservabsc.com\/#website\"},\"primaryImageOfPage\":{\"@id\":\"https:\/\/lareservabsc.com\/entorno\/#primaryimage\"},\"image\":{\"@id\":\"https:\/\/lareservabsc.com\/entorno\/#primaryimage\"},\"thumbnailUrl\":\"http:\/\/lareservabsc.com\/wp-content\/uploads\/2023\/05\/SANTA-ROSALIA_87.jpg\",\"datePublished\":\"2023-04-25T11:27:30+00:00\",\"dateModified\":\"2023-05-11T11:53:09+00:00\",\"breadcrumb\":{\"@id\":\"https:\/\/lareservabsc.com\/entorno\/#breadcrumb\"},\"inLanguage\":\"en-GB\",\"potentialAction\":[{\"@type\":\"ReadAction\",\"target\":[\"https:\/\/lareservabsc.com\/entorno\/\"]}]},{\"@type\":\"ImageObject\",\"inLanguage\":\"en-GB\",\"@id\":\"https:\/\/lareservabsc.com\/entorno\/#primaryimage\",\"url\":\"https:\/\/lareservabsc.com\/wp-content\/uploads\/2023\/05\/SANTA-ROSALIA_87.jpg\",\"contentUrl\":\"https:\/\/lareservabsc.com\/wp-content\/uploads\/2023\/05\/SANTA-ROSALIA_87.jpg\",\"width\":1616,\"height\":1077},{\"@type\":\"BreadcrumbList\",\"@id\":\"https:\/\/lareservabsc.com\/entorno\/#breadcrumb\",\"itemListElement\":[{\"@type\":\"ListItem\",\"position\":1,\"name\":\"Portada\",\"item\":\"https:\/\/lareservabsc.com\/\"},{\"@type\":\"ListItem\",\"position\":2,\"name\":\"Entorno\"}]},{\"@type\":\"WebSite\",\"@id\":\"https:\/\/lareservabsc.com\/#website\",\"url\":\"https:\/\/lareservabsc.com\/\",\"name\":\"La Reserva Beach Sport Club\",\"description\":\"Santa Rosal\u00eda Lake and Life Resort\",\"publisher\":{\"@id\":\"https:\/\/lareservabsc.com\/#organization\"},\"potentialAction\":[{\"@type\":\"SearchAction\",\"target\":{\"@type\":\"EntryPoint\",\"urlTemplate\":\"https:\/\/lareservabsc.com\/?s={search_term_string}\"},\"query-input\":\"required name=search_term_string\"}],\"inLanguage\":\"en-GB\"},{\"@type\":\"Organization\",\"@id\":\"https:\/\/lareservabsc.com\/#organization\",\"name\":\"La Reserva Beach Sport Club\",\"url\":\"https:\/\/lareservabsc.com\/\",\"logo\":{\"@type\":\"ImageObject\",\"inLanguage\":\"en-GB\",\"@id\":\"https:\/\/lareservabsc.com\/#\/schema\/logo\/image\/\",\"url\":\"https:\/\/lareservabsc.com\/wp-content\/uploads\/2023\/04\/Logo-La-Reserva_Negativo.svg\",\"contentUrl\":\"https:\/\/lareservabsc.com\/wp-content\/uploads\/2023\/04\/Logo-La-Reserva_Negativo.svg\",\"width\":382,\"height\":276,\"caption\":\"La Reserva Beach Sport Club\"},\"image\":{\"@id\":\"https:\/\/lareservabsc.com\/#\/schema\/logo\/image\/\"}}]}<\/script>\n<!-- \/ Yoast SEO plugin. -->","yoast_head_json":{"title":"Entorno - La Reserva Beach Sport Club","robots":{"index":"index","follow":"follow","max-snippet":"max-snippet:-1","max-image-preview":"max-image-preview:large","max-video-preview":"max-video-preview:-1"},"canonical":"https:\/\/lareservabsc.com\/en\/environment\/","og_locale":"en_GB","og_type":"article","og_title":"Entorno - La Reserva Beach Sport Club","og_description":"Nuestro Entorno La Reserva Beach Sport Club nace en el coraz\u00f3n de Santa Rosal\u00eda Lake and Life Resort. Un oasis paradis\u00edaco situado en la costa del Mediterr\u00e1neo que invita a la relajaci\u00f3n bajo el sol y el disfrute del ocio y la naturaleza como nunca antes lo hubieras imaginado El entorno natural de La Reserva [&hellip;]","og_url":"https:\/\/lareservabsc.com\/en\/environment\/","og_site_name":"La Reserva Beach Sport Club","article_modified_time":"2023-05-11T11:53:09+00:00","og_image":[{"url":"http:\/\/lareservabsc.com\/wp-content\/uploads\/2023\/05\/SANTA-ROSALIA_87.jpg"}],"twitter_card":"summary_large_image","twitter_misc":{"Estimated reading time":"1 minute"},"schema":{"@context":"https:\/\/schema.org","@graph":[{"@type":"WebPage","@id":"https:\/\/lareservabsc.com\/entorno\/","url":"https:\/\/lareservabsc.com\/entorno\/","name":"Entorno - La Reserva Beach Sport Club","isPartOf":{"@id":"https:\/\/lareservabsc.com\/#website"},"primaryImageOfPage":{"@id":"https:\/\/lareservabsc.com\/entorno\/#primaryimage"},"image":{"@id":"https:\/\/lareservabsc.com\/entorno\/#primaryimage"},"thumbnailUrl":"http:\/\/lareservabsc.com\/wp-content\/uploads\/2023\/05\/SANTA-ROSALIA_87.jpg","datePublished":"2023-04-25T11:27:30+00:00","dateModified":"2023-05-11T11:53:09+00:00","breadcrumb":{"@id":"https:\/\/lareservabsc.com\/entorno\/#breadcrumb"},"inLanguage":"en-GB","potentialAction":[{"@type":"ReadAction","target":["https:\/\/lareservabsc.com\/entorno\/"]}]},{"@type":"ImageObject","inLanguage":"en-GB","@id":"https:\/\/lareservabsc.com\/entorno\/#primaryimage","url":"https:\/\/lareservabsc.com\/wp-content\/uploads\/2023\/05\/SANTA-ROSALIA_87.jpg","contentUrl":"https:\/\/lareservabsc.com\/wp-content\/uploads\/2023\/05\/SANTA-ROSALIA_87.jpg","width":1616,"height":1077},{"@type":"BreadcrumbList","@id":"https:\/\/lareservabsc.com\/entorno\/#breadcrumb","itemListElement":[{"@type":"ListItem","position":1,"name":"Portada","item":"https:\/\/lareservabsc.com\/"},{"@type":"ListItem","position":2,"name":"Entorno"}]},{"@type":"WebSite","@id":"https:\/\/lareservabsc.com\/#website","url":"https:\/\/lareservabsc.com\/","name":"La Reserva Beach Sport Club","description":"Santa Rosal\u00eda Lake and Life Resort","publisher":{"@id":"https:\/\/lareservabsc.com\/#organization"},"potentialAction":[{"@type":"SearchAction","target":{"@type":"EntryPoint","urlTemplate":"https:\/\/lareservabsc.com\/?s={search_term_string}"},"query-input":"required name=search_term_string"}],"inLanguage":"en-GB"},{"@type":"Organization","@id":"https:\/\/lareservabsc.com\/#organization","name":"La Reserva Beach Sport Club","url":"https:\/\/lareservabsc.com\/","logo":{"@type":"ImageObject","inLanguage":"en-GB","@id":"https:\/\/lareservabsc.com\/#\/schema\/logo\/image\/","url":"https:\/\/lareservabsc.com\/wp-content\/uploads\/2023\/04\/Logo-La-Reserva_Negativo.svg","contentUrl":"https:\/\/lareservabsc.com\/wp-content\/uploads\/2023\/04\/Logo-La-Reserva_Negativo.svg","width":382,"height":276,"caption":"La Reserva Beach Sport Club"},"image":{"@id":"https:\/\/lareservabsc.com\/#\/schema\/logo\/image\/"}}]}},"_links":{"self":[{"href":"https:\/\/lareservabsc.com\/en\/wp-json\/wp\/v2\/pages\/15"}],"collection":[{"href":"https:\/\/lareservabsc.com\/en\/wp-json\/wp\/v2\/pages"}],"about":[{"href":"https:\/\/lareservabsc.com\/en\/wp-json\/wp\/v2\/types\/page"}],"author":[{"embeddable":true,"href":"https:\/\/lareservabsc.com\/en\/wp-json\/wp\/v2\/users\/3"}],"replies":[{"embeddable":true,"href":"https:\/\/lareservabsc.com\/en\/wp-json\/wp\/v2\/comments?post=15"}],"version-history":[{"count":185,"href":"https:\/\/lareservabsc.com\/en\/wp-json\/wp\/v2\/pages\/15\/revisions"}],"predecessor-version":[{"id":3959,"href":"https:\/\/lareservabsc.com\/en\/wp-json\/wp\/v2\/pages\/15\/revisions\/3959"}],"wp:attachment":[{"href":"https:\/\/lareservabsc.com\/en\/wp-json\/wp\/v2\/media?parent=15"}],"curies":[{"name":"wp","href":"https:\/\/api.w.org\/{rel}","templated":true}]}}