{"id":11,"date":"2023-04-25T11:26:57","date_gmt":"2023-04-25T11:26:57","guid":{"rendered":"https:\/\/www.lareservabsc.com\/?page_id=11"},"modified":"2023-12-19T14:18:16","modified_gmt":"2023-12-19T14:18:16","slug":"la-reserva-beach-sport-club-region-de-murcia-costa-del-sol","status":"publish","type":"page","link":"https:\/\/lareservabsc.com\/en\/la-reserva-beach-sports-club-region-of-murcia-costa-del-sol\/","title":{"rendered":"La Reserva"},"content":{"rendered":"<div data-elementor-type=\"wp-page\" data-elementor-id=\"11\" class=\"elementor elementor-11\" data-elementor-post-type=\"page\">\n\t\t\t\t<div class=\"elementor-element elementor-element-d74c6ba e-con-full e-flex e-con e-parent\" data-id=\"d74c6ba\" data-element_type=\"container\" data-core-v316-plus=\"true\">\n\t\t<div class=\"elementor-element elementor-element-def8835 e-con-full e-flex e-con e-child\" data-id=\"def8835\" data-element_type=\"container\">\n\t\t\t\t<div class=\"elementor-element elementor-element-e57c17d elementor-widget elementor-widget-heading\" data-id=\"e57c17d\" data-element_type=\"widget\" data-widget_type=\"heading.default\">\n\t\t\t\t<div class=\"elementor-widget-container\">\n\t\t\t<style>\/*! elementor - v3.20.0 - 26-03-2024 *\/\n.elementor-heading-title{padding:0;margin:0;line-height:1}.elementor-widget-heading .elementor-heading-title[class*=elementor-size-]>a{color:inherit;font-size:inherit;line-height:inherit}.elementor-widget-heading .elementor-heading-title.elementor-size-small{font-size:15px}.elementor-widget-heading .elementor-heading-title.elementor-size-medium{font-size:19px}.elementor-widget-heading .elementor-heading-title.elementor-size-large{font-size:29px}.elementor-widget-heading .elementor-heading-title.elementor-size-xl{font-size:39px}.elementor-widget-heading .elementor-heading-title.elementor-size-xxl{font-size:59px}<\/style><h1 class=\"elementor-heading-title elementor-size-default\">LA RESERVA<\/h1>\t\t<\/div>\n\t\t\t\t<\/div>\n\t\t\t\t<div class=\"elementor-element elementor-element-1b60af4 elementor-widget elementor-widget-heading\" data-id=\"1b60af4\" data-element_type=\"widget\" data-widget_type=\"heading.default\">\n\t\t\t\t<div class=\"elementor-widget-container\">\n\t\t\t<h2 class=\"elementor-heading-title elementor-size-default\">BEACH SPORTS CLUB<\/h2>\t\t<\/div>\n\t\t\t\t<\/div>\n\t\t\t\t<\/div>\n\t\t<div class=\"elementor-element elementor-element-c732a1f e-con-full e-flex e-con e-child\" data-id=\"c732a1f\" data-element_type=\"container\">\n\t\t<div class=\"elementor-element elementor-element-cdd3edd e-con-full e-flex e-con e-child\" data-id=\"cdd3edd\" data-element_type=\"container\">\n\t\t\t\t<\/div>\n\t\t<div class=\"elementor-element elementor-element-e2258fd e-con-full e-flex e-con e-child\" data-id=\"e2258fd\" data-element_type=\"container\">\n\t\t\t\t<div class=\"elementor-element elementor-element-bad6bb2 elementor-widget elementor-widget-text-editor\" data-id=\"bad6bb2\" data-element_type=\"widget\" data-widget_type=\"text-editor.default\">\n\t\t\t\t<div class=\"elementor-widget-container\">\n\t\t\t<style>\/*! elementor - v3.20.0 - 26-03-2024 *\/\n.elementor-widget-text-editor.elementor-drop-cap-view-stacked .elementor-drop-cap{background-color:#69727d;color:#fff}.elementor-widget-text-editor.elementor-drop-cap-view-framed .elementor-drop-cap{color:#69727d;border:3px solid;background-color:transparent}.elementor-widget-text-editor:not(.elementor-drop-cap-view-default) .elementor-drop-cap{margin-top:8px}.elementor-widget-text-editor:not(.elementor-drop-cap-view-default) .elementor-drop-cap-letter{width:1em;height:1em}.elementor-widget-text-editor .elementor-drop-cap{float:left;text-align:center;line-height:1;font-size:50px}.elementor-widget-text-editor .elementor-drop-cap-letter{display:inline-block}<\/style>\t\t\t\tLa Reserva is located in an exceptional environment in La Regi\u00f3n de Murcia as is the natural heart of Santa Rosal\u00eda Lake and Life Resort. An area of 124.000 m2 of green spaces, artificial lake, beaches, minigolf, etc\u2026right at the centre of the resort.\t\t\t\t\t\t<\/div>\n\t\t\t\t<\/div>\n\t\t\t\t<\/div>\n\t\t\t\t<\/div>\n\t\t\t\t<\/div>\n\t\t<div class=\"elementor-element elementor-element-669407a e-con-full e-flex e-con e-parent\" data-id=\"669407a\" data-element_type=\"container\" data-core-v316-plus=\"true\">\n\t\t<div class=\"elementor-element elementor-element-9fd641e e-con-full e-flex e-con e-child\" data-id=\"9fd641e\" data-element_type=\"container\" data-settings=\"{&quot;background_background&quot;:&quot;classic&quot;}\" data-e-bg-lazyload=\"\">\n\t\t\t\t<\/div>\n\t\t<div class=\"elementor-element elementor-element-6694153 e-con-full e-flex e-con e-child\" data-id=\"6694153\" data-element_type=\"container\" data-settings=\"{&quot;background_background&quot;:&quot;classic&quot;}\" data-e-bg-lazyload=\"\">\n\t\t\t\t<\/div>\n\t\t\t\t<\/div>\n\t\t<div class=\"elementor-element elementor-element-b82b01a e-con-full e-flex e-con e-parent\" data-id=\"b82b01a\" data-element_type=\"container\" data-core-v316-plus=\"true\">\n\t\t<div class=\"elementor-element elementor-element-6b6137b e-con-full e-flex e-con e-child\" data-id=\"6b6137b\" data-element_type=\"container\">\n\t\t\t\t<div class=\"elementor-element elementor-element-02001da elementor-widget__width-initial elementor-widget elementor-widget-heading\" data-id=\"02001da\" data-element_type=\"widget\" data-widget_type=\"heading.default\">\n\t\t\t\t<div class=\"elementor-widget-container\">\n\t\t\t<h4 class=\"elementor-heading-title elementor-size-default\">Live the whole experience, where each bite takes you to Caribbean beaches with idyllic landscapes and where every moment will become unforgettable. <\/h4>\t\t<\/div>\n\t\t\t\t<\/div>\n\t\t\t\t<\/div>\n\t\t<div class=\"elementor-element elementor-element-828e19d e-con-full e-flex e-con e-child\" data-id=\"828e19d\" data-element_type=\"container\">\n\t\t\t\t<div class=\"elementor-element elementor-element-f19006e elementor-widget elementor-widget-text-editor\" data-id=\"f19006e\" data-element_type=\"widget\" data-widget_type=\"text-editor.default\">\n\t\t\t\t<div class=\"elementor-widget-container\">\n\t\t\t\t\t\t\t<p>A restaurant with Mediterranean and signature cuisine, stands on the shores of the large lake, the main attraction of Santa Rosal\u00eda and surrounded by the green areas of La Reserva, being open to residents and visitors.<\/p><p>A large block with large terraces and recently opened that has a leisure and restaurant offer that is complemented by a minigolf and two beach bars around the complex on the island and in the minigolf. It also has a Sport Club. Let yourself be seduced by authentic Mediterranean cuisine in<em> La Reserva<\/em> with a tasting menu or try the specialties and tapas prepared by the chef<em>.<\/em><\/p>\t\t\t\t\t\t<\/div>\n\t\t\t\t<\/div>\n\t\t\t\t<\/div>\n\t\t\t\t<\/div>\n\t\t\t\t<\/div>","protected":false},"excerpt":{"rendered":"<p>LA RESERVA BEACH SPORT CLUB Situado en un entorno privilegiado de la Regi\u00f3n de Murcia como es el coraz\u00f3n natural de Santa Rosal\u00eda Lake and Life Resort. Un \u00e1rea de 124.000 m2 de zonas verdes, lago artificial, playas, minigolf, etc\u2026 en el mismo centro del resort Vive la experiencia completa, donde cada bocado te traslada [&hellip;]<\/p>","protected":false},"author":3,"featured_media":0,"parent":0,"menu_order":0,"comment_status":"closed","ping_status":"closed","template":"","meta":{"_acf_changed":false,"footnotes":""},"acf":[],"yoast_head":"<!-- This site is optimized with the Yoast SEO plugin v22.3 - https:\/\/yoast.com\/wordpress\/plugins\/seo\/ -->\n<title>La Reserva Beach Sport Club - La Reserva Beach Sport Club<\/title>\n<meta name=\"description\" content=\"\u00a1Prep\u00e1rate para la mejor experiencia deportiva en Beach Sport Club! Descubre un para\u00edso en la hermosa Regi\u00f3n de Murcia y Costa del Sol. \u00a1\u00danete ahora!\" \/>\n<meta name=\"robots\" content=\"index, follow, max-snippet:-1, max-image-preview:large, max-video-preview:-1\" \/>\n<link rel=\"canonical\" href=\"https:\/\/lareservabsc.com\/en\/la-reserva-beach-sports-club-region-of-murcia-costa-del-sol\/\" \/>\n<meta property=\"og:locale\" content=\"en_GB\" \/>\n<meta property=\"og:type\" content=\"article\" \/>\n<meta property=\"og:title\" content=\"La Reserva Beach Sport Club - La Reserva Beach Sport Club\" \/>\n<meta property=\"og:description\" content=\"\u00a1Prep\u00e1rate para la mejor experiencia deportiva en Beach Sport Club! Descubre un para\u00edso en la hermosa Regi\u00f3n de Murcia y Costa del Sol. \u00a1\u00danete ahora!\" \/>\n<meta property=\"og:url\" content=\"https:\/\/lareservabsc.com\/en\/la-reserva-beach-sports-club-region-of-murcia-costa-del-sol\/\" \/>\n<meta property=\"og:site_name\" content=\"La Reserva Beach Sport Club\" \/>\n<meta property=\"article:modified_time\" content=\"2023-12-19T14:18:16+00:00\" \/>\n<meta name=\"twitter:card\" content=\"summary_large_image\" \/>\n<meta name=\"twitter:label1\" content=\"Estimated reading time\" \/>\n\t<meta name=\"twitter:data1\" content=\"1 minute\" \/>\n<script type=\"application\/ld+json\" class=\"yoast-schema-graph\">{\"@context\":\"https:\/\/schema.org\",\"@graph\":[{\"@type\":\"WebPage\",\"@id\":\"https:\/\/lareservabsc.com\/la-reserva-beach-sport-club-region-de-murcia-costa-del-sol\/\",\"url\":\"https:\/\/lareservabsc.com\/la-reserva-beach-sport-club-region-de-murcia-costa-del-sol\/\",\"name\":\"La Reserva Beach Sport Club - La Reserva Beach Sport Club\",\"isPartOf\":{\"@id\":\"https:\/\/lareservabsc.com\/#website\"},\"datePublished\":\"2023-04-25T11:26:57+00:00\",\"dateModified\":\"2023-12-19T14:18:16+00:00\",\"description\":\"\u00a1Prep\u00e1rate para la mejor experiencia deportiva en Beach Sport Club! Descubre un para\u00edso en la hermosa Regi\u00f3n de Murcia y Costa del Sol. \u00a1\u00danete ahora!\",\"breadcrumb\":{\"@id\":\"https:\/\/lareservabsc.com\/la-reserva-beach-sport-club-region-de-murcia-costa-del-sol\/#breadcrumb\"},\"inLanguage\":\"en-GB\",\"potentialAction\":[{\"@type\":\"ReadAction\",\"target\":[\"https:\/\/lareservabsc.com\/la-reserva-beach-sport-club-region-de-murcia-costa-del-sol\/\"]}]},{\"@type\":\"BreadcrumbList\",\"@id\":\"https:\/\/lareservabsc.com\/la-reserva-beach-sport-club-region-de-murcia-costa-del-sol\/#breadcrumb\",\"itemListElement\":[{\"@type\":\"ListItem\",\"position\":1,\"name\":\"Portada\",\"item\":\"https:\/\/lareservabsc.com\/\"},{\"@type\":\"ListItem\",\"position\":2,\"name\":\"La Reserva\"}]},{\"@type\":\"WebSite\",\"@id\":\"https:\/\/lareservabsc.com\/#website\",\"url\":\"https:\/\/lareservabsc.com\/\",\"name\":\"La Reserva Beach Sport Club\",\"description\":\"Santa Rosal\u00eda Lake and Life Resort\",\"publisher\":{\"@id\":\"https:\/\/lareservabsc.com\/#organization\"},\"potentialAction\":[{\"@type\":\"SearchAction\",\"target\":{\"@type\":\"EntryPoint\",\"urlTemplate\":\"https:\/\/lareservabsc.com\/?s={search_term_string}\"},\"query-input\":\"required name=search_term_string\"}],\"inLanguage\":\"en-GB\"},{\"@type\":\"Organization\",\"@id\":\"https:\/\/lareservabsc.com\/#organization\",\"name\":\"La Reserva Beach Sport Club\",\"url\":\"https:\/\/lareservabsc.com\/\",\"logo\":{\"@type\":\"ImageObject\",\"inLanguage\":\"en-GB\",\"@id\":\"https:\/\/lareservabsc.com\/#\/schema\/logo\/image\/\",\"url\":\"https:\/\/lareservabsc.com\/wp-content\/uploads\/2023\/04\/Logo-La-Reserva_Negativo.svg\",\"contentUrl\":\"https:\/\/lareservabsc.com\/wp-content\/uploads\/2023\/04\/Logo-La-Reserva_Negativo.svg\",\"width\":382,\"height\":276,\"caption\":\"La Reserva Beach Sport Club\"},\"image\":{\"@id\":\"https:\/\/lareservabsc.com\/#\/schema\/logo\/image\/\"}}]}<\/script>\n<!-- \/ Yoast SEO plugin. -->","yoast_head_json":{"title":"La Reserva Beach Sport Club - La Reserva Beach Sport Club","description":"\u00a1Prep\u00e1rate para la mejor experiencia deportiva en Beach Sport Club! Descubre un para\u00edso en la hermosa Regi\u00f3n de Murcia y Costa del Sol. \u00a1\u00danete ahora!","robots":{"index":"index","follow":"follow","max-snippet":"max-snippet:-1","max-image-preview":"max-image-preview:large","max-video-preview":"max-video-preview:-1"},"canonical":"https:\/\/lareservabsc.com\/en\/la-reserva-beach-sports-club-region-of-murcia-costa-del-sol\/","og_locale":"en_GB","og_type":"article","og_title":"La Reserva Beach Sport Club - La Reserva Beach Sport Club","og_description":"\u00a1Prep\u00e1rate para la mejor experiencia deportiva en Beach Sport Club! Descubre un para\u00edso en la hermosa Regi\u00f3n de Murcia y Costa del Sol. \u00a1\u00danete ahora!","og_url":"https:\/\/lareservabsc.com\/en\/la-reserva-beach-sports-club-region-of-murcia-costa-del-sol\/","og_site_name":"La Reserva Beach Sport Club","article_modified_time":"2023-12-19T14:18:16+00:00","twitter_card":"summary_large_image","twitter_misc":{"Estimated reading time":"1 minute"},"schema":{"@context":"https:\/\/schema.org","@graph":[{"@type":"WebPage","@id":"https:\/\/lareservabsc.com\/la-reserva-beach-sport-club-region-de-murcia-costa-del-sol\/","url":"https:\/\/lareservabsc.com\/la-reserva-beach-sport-club-region-de-murcia-costa-del-sol\/","name":"La Reserva Beach Sport Club - La Reserva Beach Sport Club","isPartOf":{"@id":"https:\/\/lareservabsc.com\/#website"},"datePublished":"2023-04-25T11:26:57+00:00","dateModified":"2023-12-19T14:18:16+00:00","description":"\u00a1Prep\u00e1rate para la mejor experiencia deportiva en Beach Sport Club! Descubre un para\u00edso en la hermosa Regi\u00f3n de Murcia y Costa del Sol. \u00a1\u00danete ahora!","breadcrumb":{"@id":"https:\/\/lareservabsc.com\/la-reserva-beach-sport-club-region-de-murcia-costa-del-sol\/#breadcrumb"},"inLanguage":"en-GB","potentialAction":[{"@type":"ReadAction","target":["https:\/\/lareservabsc.com\/la-reserva-beach-sport-club-region-de-murcia-costa-del-sol\/"]}]},{"@type":"BreadcrumbList","@id":"https:\/\/lareservabsc.com\/la-reserva-beach-sport-club-region-de-murcia-costa-del-sol\/#breadcrumb","itemListElement":[{"@type":"ListItem","position":1,"name":"Portada","item":"https:\/\/lareservabsc.com\/"},{"@type":"ListItem","position":2,"name":"La Reserva"}]},{"@type":"WebSite","@id":"https:\/\/lareservabsc.com\/#website","url":"https:\/\/lareservabsc.com\/","name":"La Reserva Beach Sport Club","description":"Santa Rosal\u00eda Lake and Life Resort","publisher":{"@id":"https:\/\/lareservabsc.com\/#organization"},"potentialAction":[{"@type":"SearchAction","target":{"@type":"EntryPoint","urlTemplate":"https:\/\/lareservabsc.com\/?s={search_term_string}"},"query-input":"required name=search_term_string"}],"inLanguage":"en-GB"},{"@type":"Organization","@id":"https:\/\/lareservabsc.com\/#organization","name":"La Reserva Beach Sport Club","url":"https:\/\/lareservabsc.com\/","logo":{"@type":"ImageObject","inLanguage":"en-GB","@id":"https:\/\/lareservabsc.com\/#\/schema\/logo\/image\/","url":"https:\/\/lareservabsc.com\/wp-content\/uploads\/2023\/04\/Logo-La-Reserva_Negativo.svg","contentUrl":"https:\/\/lareservabsc.com\/wp-content\/uploads\/2023\/04\/Logo-La-Reserva_Negativo.svg","width":382,"height":276,"caption":"La Reserva Beach Sport Club"},"image":{"@id":"https:\/\/lareservabsc.com\/#\/schema\/logo\/image\/"}}]}},"_links":{"self":[{"href":"https:\/\/lareservabsc.com\/en\/wp-json\/wp\/v2\/pages\/11"}],"collection":[{"href":"https:\/\/lareservabsc.com\/en\/wp-json\/wp\/v2\/pages"}],"about":[{"href":"https:\/\/lareservabsc.com\/en\/wp-json\/wp\/v2\/types\/page"}],"author":[{"embeddable":true,"href":"https:\/\/lareservabsc.com\/en\/wp-json\/wp\/v2\/users\/3"}],"replies":[{"embeddable":true,"href":"https:\/\/lareservabsc.com\/en\/wp-json\/wp\/v2\/comments?post=11"}],"version-history":[{"count":41,"href":"https:\/\/lareservabsc.com\/en\/wp-json\/wp\/v2\/pages\/11\/revisions"}],"predecessor-version":[{"id":3926,"href":"https:\/\/lareservabsc.com\/en\/wp-json\/wp\/v2\/pages\/11\/revisions\/3926"}],"wp:attachment":[{"href":"https:\/\/lareservabsc.com\/en\/wp-json\/wp\/v2\/media?parent=11"}],"curies":[{"name":"wp","href":"https:\/\/api.w.org\/{rel}","templated":true}]}}